{"id":137,"date":"2022-08-03T15:04:31","date_gmt":"2022-08-03T15:04:31","guid":{"rendered":"https:\/\/gboxmall.com\/gt\/?page_id=137"},"modified":"2023-06-05T09:37:50","modified_gmt":"2023-06-05T09:37:50","slug":"calculadora","status":"publish","type":"page","link":"https:\/\/gboxmall.com\/gt\/calculadora\/","title":{"rendered":"Calculadora"},"content":{"rendered":"<p>[et_pb_section fb_built=&#8221;1&#8243; _builder_version=&#8221;4.17.6&#8243; _module_preset=&#8221;default&#8221; custom_padding=&#8221;2px|||||&#8221; global_colors_info=&#8221;{}&#8221;][et_pb_row _builder_version=&#8221;4.17.6&#8243; _module_preset=&#8221;default&#8221; custom_padding=&#8221;0px|||||&#8221; global_colors_info=&#8221;{}&#8221;][et_pb_column type=&#8221;4_4&#8243; _builder_version=&#8221;4.17.6&#8243; _module_preset=&#8221;default&#8221; global_colors_info=&#8221;{}&#8221;][et_pb_code _builder_version=&#8221;4.18.0&#8243; _module_preset=&#8221;default&#8221; custom_padding=&#8221;0px|||||&#8221; global_colors_info=&#8221;{}&#8221;]<!DOCTYPE html><!-- [et_pb_line_break_holder] --><html lang=\"en\"><!-- [et_pb_line_break_holder] -->\t<head><!-- [et_pb_line_break_holder] -->\t\t<!-- Required meta tags --><!-- [et_pb_line_break_holder] -->\t\t<meta charset=\"utf-8\" \/><!-- [et_pb_line_break_holder] -->\t\t<meta name=\"viewport\" content=\"width=device-width, initial-scale=1\" \/><!-- [et_pb_line_break_holder] -->\t\t<!-- Bootstrap CSS --><!-- [et_pb_line_break_holder] -->\t\t<link href=\"https:\/\/cdn.jsdelivr.net\/npm\/bootstrap@5.0.2\/dist\/css\/bootstrap.min.css\" rel=\"stylesheet\" integrity=\"sha384-EVSTQN3\/azprG1Anm3QDgpJLIm9Nao0Yz1ztcQTwFspd3yD65VohhpuuCOmLASjC\" crossorigin=\"anonymous\" \/><!-- [et_pb_line_break_holder] -->\t\t<link rel=\"stylesheet\" type=\"text\/css\" href=\"https:\/\/cdn.jsdelivr.net\/npm\/toastify-js\/src\/toastify.min.css\" \/><!-- [et_pb_line_break_holder] -->\t\t<script><!-- [et_pb_line_break_holder] -->\t\t\tfunction soloNumeros(e) { <!-- [et_pb_line_break_holder] -->var key = window.Event ? e.which : e.keyCode <!-- [et_pb_line_break_holder] -->return key >= 48 && key <= 57 }<!-- [et_pb_line_break_holder] -->\t\t<\/script><!-- [et_pb_line_break_holder] -->\t\t<title>Calculadora Gboxmall<\/title><!-- [et_pb_line_break_holder] -->\t<\/head><!-- [et_pb_line_break_holder] -->\t<body><!-- [et_pb_line_break_holder] -->\t\t<main><!-- [et_pb_line_break_holder] -->\t\t\t<\/p>\n<div class=\"container py-4\"><!-- [et_pb_line_break_holder] -->\t\t\t\t<\/p>\n<div class=\"p-5 mb-1 rounded-3\"><!-- [et_pb_line_break_holder] -->\t\t\t\t\t<\/p>\n<div class=\"container-fluid py-1 text-center\"><!-- [et_pb_line_break_holder] -->\t\t\t\t\t\t<!-- <img decoding=\"async\" class=\"img-fluid\" src=\".\/img\/logo.png\" alt=\"\"> --><!-- [et_pb_line_break_holder] -->\t\t\t\t\t\t<\/p>\n<h2 class=\"display-9 fw-bold\">\u00a1Cotiza el costo de tu importaci\u00f3n!<\/h2>\n<p><!-- [et_pb_line_break_holder] -->\t\t\t\t\t<\/div>\n<p><!-- [et_pb_line_break_holder] -->\t\t\t\t<\/div>\n<p><!-- [et_pb_line_break_holder] -->\t\t\t\t<\/p>\n<div class=\"row g-5\"><!-- [et_pb_line_break_holder] -->\t\t\t\t\t<\/p>\n<div class=\"col-md-6 col-lg-6 order-md-last\"><!-- [et_pb_line_break_holder] -->\t\t\t\t\t\t<\/p>\n<h4 class=\"d-flex justify-content-between align-items-center mb-3\"><\/h4>\n<p><!-- [et_pb_line_break_holder] -->\t\t\t\t\t\t<\/p>\n<ul class=\"list-group mb-3\"><!-- [et_pb_line_break_holder] -->\t\t\t\t\t\t\t<\/p>\n<li class=\"list-group-item d-flex justify-content-between lh-sm\"><!-- [et_pb_line_break_holder] -->\n<div>\n<h6 class=\"my-0\">Flete<\/h6>\n<\/div>\n<p><!-- [et_pb_line_break_holder] -->\t\t\t\t\t\t\t\t<span class=\"text-muted\" id=\"flete\">$0<\/span><!-- [et_pb_line_break_holder] -->\t\t\t\t\t\t\t<\/li>\n<p><!-- [et_pb_line_break_holder] -->\t\t\t\t\t\t\t<\/p>\n<li class=\"list-group-item d-flex justify-content-between lh-sm\"><!-- [et_pb_line_break_holder] -->\n<div>\n<h6 class=\"my-0\">Manejo\/Aduana<\/h6>\n<\/div>\n<p><!-- [et_pb_line_break_holder] -->\t\t\t\t\t\t\t\t<span class=\"text-muted\" id=\"manejo\">$0<\/span><!-- [et_pb_line_break_holder] -->\t\t\t\t\t\t\t<\/li>\n<p><!-- [et_pb_line_break_holder] -->\t\t\t\t\t\t\t<\/p>\n<li class=\"list-group-item d-flex justify-content-between lh-sm\"><!-- [et_pb_line_break_holder] -->\n<div>\n<h6 class=\"my-0 text-primary\">DAI<\/h6>\n<\/div>\n<p><!-- [et_pb_line_break_holder] -->\t\t\t\t\t\t\t\t<strong class=\"text-primary\" id=\"dai\">$0<\/strong><!-- [et_pb_line_break_holder] -->\t\t\t\t\t\t\t<\/li>\n<li class=\"list-group-item d-flex justify-content-between lh-sm\"><!-- [et_pb_line_break_holder] -->\n<div>\n<h6 class=\"my-0 text-primary\">IVA de DAI <\/h6>\n<\/div>\n<p><!-- [et_pb_line_break_holder] --><strong class=\"text-primary\" id=\"daiIva\">$0<\/strong><!-- [et_pb_line_break_holder] --><\/li>\n<li class=\"list-group-item d-flex justify-content-between\"><!-- [et_pb_line_break_holder] -->\n<div>\n<h6 class=\"my-0 text-primary\">IVA<\/h6>\n<\/div>\n<p><!-- [et_pb_line_break_holder] -->\t\t\t\t\t\t\t\t<strong class=\"text-primary\" id=\"iva\">$0<\/strong><!-- [et_pb_line_break_holder] -->\t\t\t\t\t\t\t<\/li>\n<p><!-- [et_pb_line_break_holder] -->\t\t\t\t\t\t\t<\/p>\n<li class=\"list-group-item d-flex justify-content-between\"><!-- [et_pb_line_break_holder] -->\n<div>\n<h6 class=\"my-0 text-primary\">Total cargos por importaci\u00f3n<\/h6>\n<\/div>\n<p><!-- [et_pb_line_break_holder] -->\t\t\t\t\t\t\t\t<strong class=\"text-primary\" id=\"total_cargos_importacion\">$0<\/strong><!-- [et_pb_line_break_holder] -->\t\t\t\t\t\t\t<\/li>\n<p><!-- [et_pb_line_break_holder] -->\t\t\t\t\t\t\t<\/p>\n<li class=\"list-group-item d-flex justify-content-between lh-sm\"><!-- [et_pb_line_break_holder] -->\n<div>\n<h4 class=\"my-0\">Total (incluyendo valor del producto)<\/h4>\n<\/div>\n<p><!-- [et_pb_line_break_holder] -->\t\t\t\t\t\t\t\t<strong id=\"total\">$0<\/strong><!-- [et_pb_line_break_holder] -->\t\t\t\t\t\t\t<\/li>\n<p><!-- [et_pb_line_break_holder] -->\t\t\t\t\t\t\t<\/p>\n<li class=\"list-group-item d-flex lh-sm\"><!-- [et_pb_line_break_holder] -->\n<div class=\"text-center\"><!-- [et_pb_line_break_holder] -->\t\t\t\t\t\t\t\t\t<pee><!-- [et_pb_line_break_holder] -->\t\t\t\t\t\t\t\t\t\t<svg xmlns=\"http:\/\/www.w3.org\/2000\/svg\" width=\"16\" height=\"16\" fill=\"currentColor\" class=\"bi bi-info-circle\" viewBox=\"0 0 16 16\"><!-- [et_pb_line_break_holder] -->\t\t\t\t\t\t\t\t\t\t\t<path d=\"M8 15A7 7 0 1 1 8 1a7 7 0 0 1 0 14zm0 1A8 8 0 1 0 8 0a8 8 0 0 0 0 16z\" \/><!-- [et_pb_line_break_holder] -->\t\t\t\t\t\t\t\t\t\t\t<path<!-- [et_pb_line_break_holder] -->\t\t\t\t\t\t\t\t\t\t\t\td=&#8221;m8.93 6.588-2.29.287-.082.38.45.083c.294.07.352.176.288.469l-.738 3.468c-.194.897.105 1.319.808 1.319.545 0 1.178-.252 1.465-.598l.088-.416c-.2.176-.492.246-.686.246-.275 0-.375-.193-.304-.533L8.93 6.588zM9 4.5a1 1 0 1 1-2 0 1 1 0 0 1 2 0z&#8221;<!-- [et_pb_line_break_holder] -->\t\t\t\t\t\t\t\t\t\t\t\/><!-- [et_pb_line_break_holder] -->\t\t\t\t\t\t\t\t\t\t<\/svg><!-- [et_pb_line_break_holder] -->\t\t\t\t\t\t\t\t\t\timpuestos sujetos a ser implementados<!-- [et_pb_line_break_holder] -->\t\t\t\t\t\t\t\t\t<\/pee><!-- [et_pb_line_break_holder] -->\t\t\t\t\t\t\t\t<\/div>\n<p><!-- [et_pb_line_break_holder] -->\t\t\t\t\t\t\t<\/li>\n<p><!-- [et_pb_line_break_holder] -->\t\t\t\t\t\t<\/ul>\n<p><!-- [et_pb_line_break_holder] -->\t\t\t\t\t<\/div>\n<p><!-- [et_pb_line_break_holder] -->\t\t\t\t\t<\/p>\n<div class=\"col-md-6 col-lg-6\"><!-- [et_pb_line_break_holder] -->\t\t\t\t\t\t<!-- \n\n<form class=\"needs-validation\" novalidate=\"\"> --><!-- [et_pb_line_break_holder] -->\t\t\t\t\t\t<\/p>\n<div class=\"row g-3\"><!-- [et_pb_line_break_holder] -->\t\t\t\t\t\t\t<\/p>\n<div class=\"mb-1\"><label for=\"peso_libras\" class=\"form-label\">Peso de mercader\u00eda en libras<\/label> <input type=\"number\" class=\"form-control\" id=\"peso_libras\" placeholder=\"Ejemplo: 34\" required \/><\/div>\n<p><!-- [et_pb_line_break_holder] -->\t\t\t\t\t\t\t<\/p>\n<div class=\"mb-1\"><label for=\"flete_compra\" class=\"form-label\">Valor de tu compra<\/label> <input type=\"number\" class=\"form-control\" id=\"valor_compra\" placeholder=\"Cantidad en d\u00f3lares\" value=\"\" required \/><\/div>\n<p><!-- [et_pb_line_break_holder] -->\t\t\t\t\t\t\t<\/p>\n<div class=\"mb-1\"><!-- [et_pb_line_break_holder] -->\t\t\t\t\t\t\t\t<label for=\"impuesto_producto\" class=\"form-label\">Producto<\/label><!-- [et_pb_line_break_holder] -->\t\t\t\t\t\t\t\t<select class=\"form-select\" id=\"producto\" required><!-- [et_pb_line_break_holder] --><option value=\"\">Elija un producto<\/option><!-- [et_pb_line_break_holder] --><option value=\"0.15\">Accesorio de Aseo Personal (15%)<\/option><!-- [et_pb_line_break_holder] --><option value=\"0.15\">Accesorio de C\u00e1mara (15%)<\/option><!-- [et_pb_line_break_holder] --><option value=\"0.15\">Accesorio de Carro (15%)<\/option><!-- [et_pb_line_break_holder] --><option value=\"0.15\">Accesorio de Cocina (15%)<\/option><!-- [et_pb_line_break_holder] --><option value=\"0.0\">Accesorio de Computacion (0%)<\/option><!-- [et_pb_line_break_holder] --><option value=\"0.15\">Accesorio de Musica (15%)<\/option><!-- [et_pb_line_break_holder] --><option value=\"0.15\">Accesorio de Oficina (15%)<\/option><!-- [et_pb_line_break_holder] --><option value=\"0.15\">Accesorio de Telefonia (15%)<\/option><!-- [et_pb_line_break_holder] --><option value=\"0.15\">Accesorio Deportivo (15%)<\/option><!-- [et_pb_line_break_holder] --><option value=\"0.0\">Accesorio Electrico (0%)<\/option><!-- [et_pb_line_break_holder] --><option value=\"0.15\">Articulos de Cuero (15%)<\/option><!-- [et_pb_line_break_holder] --><option value=\"0.15\">Articulos de Fiesta (15%)<\/option><!-- [et_pb_line_break_holder] --><option value=\"0.0\">Aud\u00edfono (0%)<\/option><!-- [et_pb_line_break_holder] --><option value=\"0.15\">Bateria de Carro (15%)<\/option><!-- [et_pb_line_break_holder] --><option value=\"0.15\">Bicicleta (15%)<\/option><!-- [et_pb_line_break_holder] --><option value=\"0.0\">Bocinas de Carro (0%)<\/option><!-- [et_pb_line_break_holder] --><option value=\"0.15\">Bolsas (15%)<\/option><!-- [et_pb_line_break_holder] --><option value=\"0.15\">Cables (15%)<\/option><!-- [et_pb_line_break_holder] --><option value=\"0.0\">Camara Fotografica (0%)<\/option><!-- [et_pb_line_break_holder] --><option value=\"0.10\">Cartucho de tinta (Simple) (10%)<\/option><!-- [et_pb_line_break_holder] --><option value=\"0.10\">Cartucho de Tinta C\/Chip (10%)<\/option><!-- [et_pb_line_break_holder] --><option value=\"0.15\">Catalogos (15%)<\/option><!-- [et_pb_line_break_holder] --><option value=\"0.13\">CD\u00b4s (13%)<\/option><!-- [et_pb_line_break_holder] --><option value=\"0.0\">Celulares (0%)<\/option><!-- [et_pb_line_break_holder] --><option value=\"0.5\">Cinta de Impresora (5%)<\/option><!-- [et_pb_line_break_holder] --><option value=\"0.0\">Computadora (0%)<\/option><!-- [et_pb_line_break_holder] --><option value=\"0.15\">Consola de Videojuegos (15%)<\/option><!-- [et_pb_line_break_holder] --><option value=\"0.15\">Cosmeticos (15%)<\/option><!-- [et_pb_line_break_holder] --><option value=\"0.15\">Cuadernos (15%)<\/option><!-- [et_pb_line_break_holder] --><option value=\"0.0\">Discos Duros Vacio (0%)<\/option><!-- [et_pb_line_break_holder] --><option value=\"0.18\">DVD Player (18%)<\/option><!-- [et_pb_line_break_holder] --><option value=\"0.15\">Edredon (15%)<\/option><!-- [et_pb_line_break_holder] --><option value=\"0.15\">Electrodomesticos (15%)<\/option><!-- [et_pb_line_break_holder] --><option value=\"0.0\">Equipo Medico (0%)<\/option><!-- [et_pb_line_break_holder] --><option value=\"0.15\">Estuche de Cuero (15%)<\/option><!-- [et_pb_line_break_holder] --><option value=\"0.15\">Estuche Partes Plasticas (15%)<\/option><!-- [et_pb_line_break_holder] --><option value=\"0.15\"> Etiquetas de Papel o Carton (15%) <\/option><!-- [et_pb_line_break_holder] --><option value=\"0.10\">Etiquetas de Tela (10%)<\/option><!-- [et_pb_line_break_holder] --><option value=\"0.15\">Grabadoras (15%)<\/option><!-- [et_pb_line_break_holder] --><option value=\"0.0\">Herramientas de Mano (0%)<\/option><!-- [et_pb_line_break_holder] --><option value=\"0.0\">Impresora (0%)<\/option><!-- [et_pb_line_break_holder] --><option value=\"0.15\">Joyeria\/Bisuteria (15%)<\/option><!-- [et_pb_line_break_holder] --><option value=\"0.15\">Juguetes (15%)<\/option><!-- [et_pb_line_break_holder] --><option value=\"0.0\">Lapto (0%)<\/option><!-- [et_pb_line_break_holder] --><option value=\"0.15\">Lentes (15%)<\/option><!-- [et_pb_line_break_holder] --><option value=\"0.0\">Lentes (solo aro) (0%)<\/option><!-- [et_pb_line_break_holder] --><option value=\"0.5\">Lentes de Contact (5%)<\/option><!-- [et_pb_line_break_holder] --><option value=\"0.15\">Lentes de Sol (15%)<\/option><!-- [et_pb_line_break_holder] --><option value=\"0.0\">Libro (0%)<\/option><!-- [et_pb_line_break_holder] --><option value=\"0.5\">Llave (5%)<\/option><!-- [et_pb_line_break_holder] --><option value=\"0.15\">Luces Navide\u00f1as (15%)<\/option><!-- [et_pb_line_break_holder] --><option value=\"0.15\">Mascarillas (15%)<\/option><!-- [et_pb_line_break_holder] --><option value=\"0.15\">Material Impreso (15%)<\/option><!-- [et_pb_line_break_holder] --><option value=\"0.15\">Material Promocional (15%)<\/option><!-- [et_pb_line_break_holder] --><option value=\"0.15\"> Medicamentos\/Suplementos Alimenticios (15%) <\/option><!-- [et_pb_line_break_holder] --><option value=\"0.15\">MP3 (iPod) (15%)<\/option><!-- [et_pb_line_break_holder] --><option value=\"0.15\">Muebles de Casa (15%)<\/option><!-- [et_pb_line_break_holder] --><option value=\"0.10\">Partes de Bicicleta (10%)<\/option><!-- [et_pb_line_break_holder] --><option value=\"0.0\">Partes Industriales (0%)<\/option><!-- [et_pb_line_break_holder] --><option value=\"0.15\">Poster (15%)<\/option><!-- [et_pb_line_break_holder] --><option value=\"0.15\">Radio de Carro (15%)<\/option><!-- [et_pb_line_break_holder] --><option value=\"0.15\">Reloj de Pulsera\/Pared (15%)<\/option><!-- [et_pb_line_break_holder] --><option value=\"0.0\">Reloj Inteligente\/SmartWatc (0%)<\/option><!-- [et_pb_line_break_holder] --><option value=\"0.10\">Repuestos de Carro (10%)<\/option><!-- [et_pb_line_break_holder] --><option value=\"0.0\">Repuestos de Helicopter (0%)<\/option><!-- [et_pb_line_break_holder] --><option value=\"0.0\">Repuestos de Motor de Carr (0%)<\/option><!-- [et_pb_line_break_holder] --><option value=\"0.0\">Repuestos Electronico (0%)<\/option><!-- [et_pb_line_break_holder] --><option value=\"0.15\">Ropa (15%)<\/option><!-- [et_pb_line_break_holder] --><option value=\"0.0\">Scanner (0%)<\/option><!-- [et_pb_line_break_holder] --><option value=\"0.0\">Software de PC (0%)<\/option><!-- [et_pb_line_break_holder] --><option value=\"0.0\">Tablets (iPad) (0%)<\/option><!-- [et_pb_line_break_holder] --><option value=\"0.15\">Tarjetas de Invitaciones (15%)<\/option><!-- [et_pb_line_break_holder] --><option value=\"0.18\">Videocintas (18%)<\/option><!-- [et_pb_line_break_holder] --><option value=\"0.3\">Videojuegos CD\/DVD\/BlueRay (30%)<\/option><!-- [et_pb_line_break_holder] --><option value=\"0.18\">Videojuegos Cassette (18%)<\/option><!-- [et_pb_line_break_holder] --><option value=\"0.15\">Zapatos (15%)<\/option><!-- [et_pb_line_break_holder] -->\t\t\t\t\t\t\t\t<\/select><!-- [et_pb_line_break_holder] -->\t\t\t\t\t\t\t<\/div>\n<p><!-- [et_pb_line_break_holder] -->\t\t\t\t\t\t<\/div>\n<p><!-- [et_pb_line_break_holder] -->\t\t\t\t\t\t<\/p>\n<hr class=\"my-4\" \/><!-- [et_pb_line_break_holder] -->\t\t\t\t\t\t<\/p>\n<div class=\"row g-3\"><!-- [et_pb_line_break_holder] -->\t\t\t\t\t\t\t<\/p>\n<div class=\"col-sm-6\"><button id=\"calcular\" class=\"w-100 btn btn-success btn-lg\">Calcular<\/button><\/div>\n<p><!-- [et_pb_line_break_holder] -->\t\t\t\t\t\t\t<\/p>\n<div class=\"col-sm-6\"><button id=\"limpiar\" class=\"w-100 btn btn-primary btn-lg\">Limpiar<\/button><\/div>\n<p><!-- [et_pb_line_break_holder] -->\t\t\t\t\t\t<\/div>\n<p><!-- [et_pb_line_break_holder] -->\t\t\t\t\t\t<!-- <\/form>\n\n --><!-- [et_pb_line_break_holder] -->\t\t\t\t\t<\/div>\n<p><!-- [et_pb_line_break_holder] -->\t\t\t\t<\/div>\n<p><!-- [et_pb_line_break_holder] -->\t\t\t\t<\/p>\n<hr class=\"my-4\" \/><!-- [et_pb_line_break_holder] -->\t\t\t\t<\/p>\n<div class=\"alert alert-danger\" role=\"alert\"><!-- [et_pb_line_break_holder] -->\t\t\t\t\tEl valor mostrado por esta calculadora es un dato <strong>APROXIMADO<\/strong> y lo reflejado depender\u00e1 de la exactitud de los datos proporcionados por el usuario. Algunos art\u00edculos pueden necesitar de gestiones<!-- [et_pb_line_break_holder] -->\t\t\t\t\tespeciales adicionales para su importaci\u00f3n a Guatemala, las mismas tendr\u00e1n cargos extras y que por su particularidad no pueden ser mostrados en esta calculadora. Para mayor informaci\u00f3n nos puedes escribir al correo:<!-- [et_pb_line_break_holder] -->\t\t\t\t\t<strong>pagos@gboxmall.com<\/strong>, Cuidad de Guatemala <strong>+502 5966-9737<\/strong> WhatsApp: <strong>+502 6966-9737<\/strong>.<!-- [et_pb_line_break_holder] -->\t\t\t\t<\/div>\n<p><!-- [et_pb_line_break_holder] -->\t\t\t\t<\/p>\n<footer class=\"pt-3 mt-4 text-muted border-top text-center\">\u00a9 Copyright Gboxmall 2023<\/footer>\n<p><!-- [et_pb_line_break_holder] -->\t\t\t<\/div>\n<p><!-- [et_pb_line_break_holder] -->\t\t<\/main><!-- [et_pb_line_break_holder] -->\t\t<script src=\"https:\/\/cdn.jsdelivr.net\/npm\/bootstrap@5.0.2\/dist\/js\/bootstrap.bundle.min.js\" integrity=\"sha384-MrcW6ZMFYlzcLA8Nl+NtUVF0sA7MsXsP1UyJoMp4YLEuNSfAP+JcXn\/tWtIaxVXM\" crossorigin=\"anonymous\"><\/script><!-- [et_pb_line_break_holder] -->\t\t<script type=\"text\/javascript\" src=\"https:\/\/cdn.jsdelivr.net\/npm\/toastify-js\"><\/script><!-- [et_pb_line_break_holder] -->\t\t<script type=\"module\" src=\"https:\/\/gboxmall.com\/wp-content\/\/src\/js\/index_gt.js\"><\/script><!-- [et_pb_line_break_holder] -->\t<\/body><!-- [et_pb_line_break_holder] --><\/html><!-- [et_pb_line_break_holder] --><!-- \n\n<h6 class=\"my-0 text-primary\">Impuestos<\/h6>\n\n<\/div>\n\n<strong class=\"text-primary\" id=\"impuestos\">$0<\/strong><\/li>\n\n --><!-- [et_pb_line_break_holder] -->[\/et_pb_code][et_pb_code _builder_version=&#8221;4.21.0&#8243; _module_preset=&#8221;default&#8221; global_colors_info=&#8221;{}&#8221;][\/et_pb_code][\/et_pb_column][\/et_pb_row][\/et_pb_section]<\/p>\n","protected":false},"excerpt":{"rendered":"","protected":false},"author":2,"featured_media":0,"parent":0,"menu_order":0,"comment_status":"closed","ping_status":"closed","template":"","meta":{"_et_pb_use_builder":"on","_et_pb_old_content":"","_et_gb_content_width":"","om_disable_all_campaigns":false,"footnotes":""},"class_list":["post-137","page","type-page","status-publish","hentry"],"_links":{"self":[{"href":"https:\/\/gboxmall.com\/gt\/wp-json\/wp\/v2\/pages\/137","targetHints":{"allow":["GET"]}}],"collection":[{"href":"https:\/\/gboxmall.com\/gt\/wp-json\/wp\/v2\/pages"}],"about":[{"href":"https:\/\/gboxmall.com\/gt\/wp-json\/wp\/v2\/types\/page"}],"author":[{"embeddable":true,"href":"https:\/\/gboxmall.com\/gt\/wp-json\/wp\/v2\/users\/2"}],"replies":[{"embeddable":true,"href":"https:\/\/gboxmall.com\/gt\/wp-json\/wp\/v2\/comments?post=137"}],"version-history":[{"count":5,"href":"https:\/\/gboxmall.com\/gt\/wp-json\/wp\/v2\/pages\/137\/revisions"}],"predecessor-version":[{"id":266,"href":"https:\/\/gboxmall.com\/gt\/wp-json\/wp\/v2\/pages\/137\/revisions\/266"}],"wp:attachment":[{"href":"https:\/\/gboxmall.com\/gt\/wp-json\/wp\/v2\/media?parent=137"}],"curies":[{"name":"wp","href":"https:\/\/api.w.org\/{rel}","templated":true}]}}