{"id":30,"date":"2022-07-29T17:37:09","date_gmt":"2022-07-29T17:37:09","guid":{"rendered":"https:\/\/gboxmall.com\/gt\/?page_id=30"},"modified":"2022-07-29T22:47:30","modified_gmt":"2022-07-29T22:47:30","slug":"quienes-somos","status":"publish","type":"page","link":"https:\/\/gboxmall.com\/gt\/quienes-somos\/","title":{"rendered":"Qui\u00e9nes Somos"},"content":{"rendered":"<p>[et_pb_section fb_built=&#8221;1&#8243; fullwidth=&#8221;on&#8221; _builder_version=&#8221;4.17.6&#8243; _module_preset=&#8221;default&#8221; custom_margin=&#8221;||||false|false&#8221; hover_enabled=&#8221;0&#8243; collapsed=&#8221;off&#8221; global_colors_info=&#8221;{}&#8221; sticky_enabled=&#8221;0&#8243;][et_pb_fullwidth_header text_orientation=&#8221;center&#8221; header_fullscreen=&#8221;on&#8221; header_scroll_down=&#8221;on&#8221; _builder_version=&#8221;4.17.6&#8243; _module_preset=&#8221;default&#8221; background_image=&#8221;https:\/\/gboxmall.com\/gt\/wp-content\/uploads\/sites\/4\/2022\/07\/Mesa-de-trabajo-1@300x-8.png&#8221; custom_margin=&#8221;||||false|false&#8221; custom_margin_tablet=&#8221;||||true|false&#8221; custom_margin_phone=&#8221;||||false|false&#8221; custom_margin_last_edited=&#8221;on|phone&#8221; custom_padding=&#8221;0px||||false|false&#8221; hover_enabled=&#8221;0&#8243; background_color_tablet=&#8221;#EDF000&#8243; background_color_phone=&#8221;#FFFFFF&#8221; background_last_edited=&#8221;on|phone&#8221; background_enable_color_tablet=&#8221;on&#8221; background_enable_color_phone=&#8221;on&#8221; parallax_phone=&#8221;off&#8221; background_size_tablet=&#8221;stretch&#8221; background_size_phone=&#8221;stretch&#8221; background_position_tablet=&#8221;center&#8221; background_position_phone=&#8221;center&#8221; global_colors_info=&#8221;{}&#8221; sticky_enabled=&#8221;0&#8243; min_height_last_edited=&#8221;on|phone&#8221;][\/et_pb_fullwidth_header][\/et_pb_section][et_pb_section fb_built=&#8221;1&#8243; _builder_version=&#8221;4.17.6&#8243; _module_preset=&#8221;default&#8221; global_colors_info=&#8221;{}&#8221;][et_pb_row column_structure=&#8221;3_5,2_5&#8243; _builder_version=&#8221;4.17.6&#8243; _module_preset=&#8221;default&#8221; global_colors_info=&#8221;{}&#8221;][et_pb_column type=&#8221;3_5&#8243; _builder_version=&#8221;4.17.6&#8243; _module_preset=&#8221;default&#8221; global_colors_info=&#8221;{}&#8221;][et_pb_text _builder_version=&#8221;4.17.6&#8243; _module_preset=&#8221;default&#8221; text_font=&#8221;Montserrat|500|||||||&#8221; text_text_color=&#8221;#000000&#8243; custom_margin=&#8221;-4px||||false|false&#8221; global_colors_info=&#8221;{}&#8221;]<\/p>\n<p>GBoxMall es la primera tienda de Centroam\u00e9rica especializada en ofrecer soluciones para el comercio electr\u00f3nico. Convirti\u00e9ndolo en el lugar m\u00e1s seguro para realizar tus compras por internet.<\/p>\n<p>Somos una empresa internacional que opera en la regi\u00f3n como parte del Grupo Guticia con operaciones propias en Honduras, El Salvador, Guatemala, y USA. Somos un agente autorizado para el traslado de carga y paqueter\u00eda utilizando la mejor log\u00edstica integrada para brindar un servicio personalizado<\/p>\n<p>[\/et_pb_text][\/et_pb_column][et_pb_column type=&#8221;2_5&#8243; _builder_version=&#8221;4.17.6&#8243; _module_preset=&#8221;default&#8221; global_colors_info=&#8221;{}&#8221;][et_pb_image src=&#8221;https:\/\/gboxmall.com\/gt\/wp-content\/uploads\/sites\/4\/2022\/07\/DSC_8905-copia.jpg&#8221; title_text=&#8221;DSC_8905 copia&#8221; _builder_version=&#8221;4.17.6&#8243; _module_preset=&#8221;default&#8221; border_width_all=&#8221;5px&#8221; border_style_all=&#8221;groove&#8221; global_colors_info=&#8221;{}&#8221;][\/et_pb_image][\/et_pb_column][\/et_pb_row][\/et_pb_section][et_pb_section fb_built=&#8221;1&#8243; _builder_version=&#8221;4.17.6&#8243; _module_preset=&#8221;default&#8221; background_color=&#8221;#ebfaff&#8221; custom_margin=&#8221;||28px|||&#8221; custom_padding=&#8221;2px|||||&#8221; global_colors_info=&#8221;{}&#8221;][et_pb_row _builder_version=&#8221;4.17.6&#8243; _module_preset=&#8221;default&#8221; global_colors_info=&#8221;{}&#8221;][et_pb_column type=&#8221;4_4&#8243; _builder_version=&#8221;4.17.6&#8243; _module_preset=&#8221;default&#8221; global_colors_info=&#8221;{}&#8221;][et_pb_text _builder_version=&#8221;4.17.6&#8243; _module_preset=&#8221;default&#8221; text_font=&#8221;Montserrat|700|||||||&#8221; text_font_size=&#8221;28px&#8221; global_colors_info=&#8221;{}&#8221;]<\/p>\n<p>Nuestros Servicios<\/p>\n<p>[\/et_pb_text][\/et_pb_column][\/et_pb_row][et_pb_row _builder_version=&#8221;4.17.6&#8243; _module_preset=&#8221;default&#8221; custom_padding=&#8221;0px|||||&#8221; global_colors_info=&#8221;{}&#8221;][et_pb_column type=&#8221;4_4&#8243; _builder_version=&#8221;4.17.6&#8243; _module_preset=&#8221;default&#8221; global_colors_info=&#8221;{}&#8221;][et_pb_text _builder_version=&#8221;4.17.6&#8243; _module_preset=&#8221;default&#8221; text_font=&#8221;Montserrat|600|||||||&#8221; global_colors_info=&#8221;{}&#8221;]<\/p>\n<p>Utilizas nuestra direcci\u00f3n f\u00edsica en Miami, Fl para recibir tu paqueter\u00eda.\u00a0 Nosotros la preparamos y enviamos a la sucursal que escojas en Honduras.<\/p>\n<p>[\/et_pb_text][\/et_pb_column][\/et_pb_row][\/et_pb_section][et_pb_section fb_built=&#8221;1&#8243; custom_padding_last_edited=&#8221;on|tablet&#8221; admin_label=&#8221;Planning&#8221; _builder_version=&#8221;4.17.6&#8243; use_background_color_gradient=&#8221;on&#8221; background_color_gradient_direction=&#8221;90deg&#8221; background_color_gradient_stops=&#8221;#1e4278 0%|rgba(30,66,120,0.1) 100%&#8221; background_color_gradient_overlays_image=&#8221;on&#8221; background_color_gradient_start=&#8221;#1e4278&#8243; background_color_gradient_end=&#8221;rgba(30,66,120,0.1)&#8221; background_image=&#8221;https:\/\/gboxmall.com\/gt\/wp-content\/uploads\/sites\/4\/2022\/07\/funeral-home-image-34.jpg&#8221; max_width=&#8221;85%&#8221; max_width_tablet=&#8221;95%&#8221; max_width_phone=&#8221;&#8221; max_width_last_edited=&#8221;on|tablet&#8221; module_alignment=&#8221;right&#8221; custom_padding=&#8221;||100px||false|false&#8221; custom_padding_tablet=&#8221;||40px||false&#8221; custom_padding_phone=&#8221;||||false&#8221; animation_style=&#8221;slide&#8221; animation_direction=&#8221;right&#8221; border_radii=&#8221;|20vw|||20vw&#8221; box_shadow_style=&#8221;preset6&#8243; box_shadow_blur=&#8221;200px&#8221; box_shadow_color=&#8221;rgba(0,0,0,0.22)&#8221; collapsed=&#8221;on&#8221; global_colors_info=&#8221;{}&#8221;][et_pb_row _builder_version=&#8221;4.16&#8243; global_colors_info=&#8221;{}&#8221;][et_pb_column type=&#8221;4_4&#8243; _builder_version=&#8221;4.16&#8243; custom_padding=&#8221;|||&#8221; global_colors_info=&#8221;{}&#8221; custom_padding__hover=&#8221;|||&#8221;][et_pb_text _builder_version=&#8221;4.17.6&#8243; _module_preset=&#8221;default&#8221; text_font=&#8221;Montserrat|600|||||||&#8221; text_font_size=&#8221;16px&#8221; text_line_height=&#8221;2em&#8221; header_2_font=&#8221;Vollkorn||||||||&#8221; header_2_font_size=&#8221;35px&#8221; header_2_line_height=&#8221;1.4em&#8221; text_orientation=&#8221;center&#8221; background_layout=&#8221;dark&#8221; max_width=&#8221;700%&#8221; custom_margin=&#8221;||||false|false&#8221; global_colors_info=&#8221;{}&#8221;]<\/p>\n<h2><strong><span style=\"font-family: Montserrat;\">Crear Casilleros<\/span><\/strong><\/h2>\n<p>Te ofrecemos crear tu casillero de forma gratuita, en nuestra direcci\u00f3n f\u00edsica de Miami FL.<\/p>\n<p>[\/et_pb_text][\/et_pb_column][\/et_pb_row][\/et_pb_section][et_pb_section fb_built=&#8221;1&#8243; custom_padding_last_edited=&#8221;on|tablet&#8221; admin_label=&#8221;Planning&#8221; _builder_version=&#8221;4.17.6&#8243; use_background_color_gradient=&#8221;on&#8221; background_color_gradient_direction=&#8221;90deg&#8221; background_color_gradient_stops=&#8221;#1e4278 0%|rgba(30,66,120,0.1) 100%&#8221; background_color_gradient_overlays_image=&#8221;on&#8221; background_color_gradient_start=&#8221;#1e4278&#8243; background_color_gradient_end=&#8221;rgba(30,66,120,0.1)&#8221; background_image=&#8221;https:\/\/gboxmall.com\/gt\/wp-content\/uploads\/sites\/4\/2022\/07\/funeral-home-image-34.jpg&#8221; max_width=&#8221;85%&#8221; max_width_tablet=&#8221;95%&#8221; max_width_phone=&#8221;&#8221; max_width_last_edited=&#8221;on|tablet&#8221; module_alignment=&#8221;left&#8221; custom_margin=&#8221;25px||25px||false|false&#8221; custom_padding=&#8221;||100px||false|false&#8221; custom_padding_tablet=&#8221;||40px||false&#8221; custom_padding_phone=&#8221;||||false&#8221; animation_style=&#8221;slide&#8221; animation_direction=&#8221;left&#8221; border_radii=&#8221;off||20vw|20vw|&#8221; box_shadow_style=&#8221;preset6&#8243; box_shadow_blur=&#8221;200px&#8221; box_shadow_color=&#8221;rgba(0,0,0,0.22)&#8221; collapsed=&#8221;on&#8221; global_colors_info=&#8221;{}&#8221;][et_pb_row _builder_version=&#8221;4.16&#8243; global_colors_info=&#8221;{}&#8221;][et_pb_column type=&#8221;4_4&#8243; _builder_version=&#8221;4.16&#8243; custom_padding=&#8221;|||&#8221; global_colors_info=&#8221;{}&#8221; custom_padding__hover=&#8221;|||&#8221;][et_pb_text _builder_version=&#8221;4.17.6&#8243; _module_preset=&#8221;default&#8221; text_font=&#8221;Montserrat|600|||||||&#8221; text_font_size=&#8221;16px&#8221; text_line_height=&#8221;2em&#8221; header_2_font=&#8221;Vollkorn||||||||&#8221; header_2_font_size=&#8221;35px&#8221; header_2_line_height=&#8221;1.4em&#8221; text_orientation=&#8221;center&#8221; background_layout=&#8221;dark&#8221; max_width=&#8221;700px&#8221; custom_margin=&#8221;||||false|false&#8221; global_colors_info=&#8221;{}&#8221;]<\/p>\n<h2><span style=\"font-family: Montserrat;\"><strong>Servicio a Domicilio<\/strong><\/span><\/h2>\n<p>Enviamos tus paquetes hasta la puerta de tu casa.<\/p>\n<p>[\/et_pb_text][\/et_pb_column][\/et_pb_row][\/et_pb_section][et_pb_section fb_built=&#8221;1&#8243; custom_padding_last_edited=&#8221;on|tablet&#8221; admin_label=&#8221;Planning&#8221; _builder_version=&#8221;4.17.6&#8243; use_background_color_gradient=&#8221;on&#8221; background_color_gradient_direction=&#8221;90deg&#8221; background_color_gradient_stops=&#8221;#1e4278 0%|rgba(30,66,120,0.1) 100%&#8221; background_color_gradient_overlays_image=&#8221;on&#8221; background_color_gradient_start=&#8221;#1e4278&#8243; background_color_gradient_end=&#8221;rgba(30,66,120,0.1)&#8221; background_image=&#8221;https:\/\/gboxmall.com\/gt\/wp-content\/uploads\/sites\/4\/2022\/07\/funeral-home-image-34.jpg&#8221; max_width=&#8221;85%&#8221; max_width_tablet=&#8221;95%&#8221; max_width_phone=&#8221;&#8221; max_width_last_edited=&#8221;on|tablet&#8221; module_alignment=&#8221;right&#8221; custom_padding=&#8221;||100px||false|false&#8221; custom_padding_tablet=&#8221;||40px||false&#8221; custom_padding_phone=&#8221;||||false&#8221; animation_style=&#8221;slide&#8221; animation_direction=&#8221;right&#8221; border_radii=&#8221;|20vw|||20vw&#8221; box_shadow_style=&#8221;preset6&#8243; box_shadow_blur=&#8221;200px&#8221; box_shadow_color=&#8221;rgba(0,0,0,0.22)&#8221; collapsed=&#8221;on&#8221; global_colors_info=&#8221;{}&#8221;][et_pb_row _builder_version=&#8221;4.16&#8243; global_colors_info=&#8221;{}&#8221;][et_pb_column type=&#8221;4_4&#8243; _builder_version=&#8221;4.16&#8243; custom_padding=&#8221;|||&#8221; global_colors_info=&#8221;{}&#8221; custom_padding__hover=&#8221;|||&#8221;][et_pb_text _builder_version=&#8221;4.17.6&#8243; _module_preset=&#8221;default&#8221; text_font=&#8221;Montserrat|600|||||||&#8221; text_font_size=&#8221;16px&#8221; text_line_height=&#8221;2em&#8221; header_2_font=&#8221;Vollkorn||||||||&#8221; header_2_font_size=&#8221;35px&#8221; header_2_line_height=&#8221;1.4em&#8221; text_orientation=&#8221;center&#8221; background_layout=&#8221;dark&#8221; max_width=&#8221;500%&#8221; custom_margin=&#8221;||||false|false&#8221; custom_padding=&#8221;|6px||0px||&#8221; global_colors_info=&#8221;{}&#8221;]<\/p>\n<h2><strong><span style=\"font-family: Montserrat;\">Te Brindamos Asesor\u00eda<\/span><\/strong><\/h2>\n<p>Te recomendamos las p\u00e1ginas m\u00e1s confiables donde puedes realizar tus compras, que transportista utilizar para tus env\u00edos en USA, ofertas en p\u00e1ginas importantes, etc..<\/p>\n<p>[\/et_pb_text][\/et_pb_column][\/et_pb_row][\/et_pb_section][et_pb_section fb_built=&#8221;1&#8243; custom_padding_last_edited=&#8221;on|tablet&#8221; admin_label=&#8221;Planning&#8221; _builder_version=&#8221;4.17.6&#8243; use_background_color_gradient=&#8221;on&#8221; background_color_gradient_direction=&#8221;90deg&#8221; background_color_gradient_stops=&#8221;#1e4278 0%|rgba(30,66,120,0.1) 100%&#8221; background_color_gradient_overlays_image=&#8221;on&#8221; background_color_gradient_start=&#8221;#1e4278&#8243; background_color_gradient_end=&#8221;rgba(30,66,120,0.1)&#8221; background_image=&#8221;https:\/\/gboxmall.com\/gt\/wp-content\/uploads\/sites\/4\/2022\/07\/funeral-home-image-34.jpg&#8221; max_width=&#8221;85%&#8221; max_width_tablet=&#8221;95%&#8221; max_width_phone=&#8221;&#8221; max_width_last_edited=&#8221;on|tablet&#8221; module_alignment=&#8221;left&#8221; custom_margin=&#8221;25px||25px||false|false&#8221; custom_padding=&#8221;||100px||false|false&#8221; custom_padding_tablet=&#8221;||40px||false&#8221; custom_padding_phone=&#8221;||||false&#8221; animation_style=&#8221;slide&#8221; animation_direction=&#8221;left&#8221; border_radii=&#8221;off||20vw|20vw|&#8221; box_shadow_style=&#8221;preset6&#8243; box_shadow_blur=&#8221;200px&#8221; box_shadow_color=&#8221;rgba(0,0,0,0.22)&#8221; collapsed=&#8221;on&#8221; global_colors_info=&#8221;{}&#8221;][et_pb_row _builder_version=&#8221;4.16&#8243; global_colors_info=&#8221;{}&#8221;][et_pb_column type=&#8221;4_4&#8243; _builder_version=&#8221;4.16&#8243; custom_padding=&#8221;|||&#8221; global_colors_info=&#8221;{}&#8221; custom_padding__hover=&#8221;|||&#8221;][et_pb_text _builder_version=&#8221;4.17.6&#8243; _module_preset=&#8221;default&#8221; text_font=&#8221;Montserrat|600|||||||&#8221; text_font_size=&#8221;16px&#8221; text_line_height=&#8221;2em&#8221; header_2_font=&#8221;Vollkorn||||||||&#8221; header_2_font_size=&#8221;35px&#8221; header_2_line_height=&#8221;1.4em&#8221; text_orientation=&#8221;center&#8221; background_layout=&#8221;dark&#8221; width_tablet=&#8221;&#8221; width_phone=&#8221;&#8221; width_last_edited=&#8221;on|phone&#8221; min_height_tablet=&#8221;&#8221; min_height_phone=&#8221;&#8221; min_height_last_edited=&#8221;on|phone&#8221; custom_margin=&#8221;||||false|false&#8221; custom_margin_last_edited=&#8221;off|phone&#8221; global_colors_info=&#8221;{}&#8221;]<\/p>\n<h2><span style=\"font-family: Montserrat;\"><strong>Compra Con Nuestra Tarjeta<\/strong><\/span><\/h2>\n<p>Ofrecemos la opci\u00f3n de realizar tus compras con nuestra tarjeta de cr\u00e9dito, cobrando un 10% por el uso de la tarjeta.<\/p>\n<p>[\/et_pb_text][\/et_pb_column][\/et_pb_row][\/et_pb_section]<\/p>\n","protected":false},"excerpt":{"rendered":"<p>GBoxMall es la primera tienda de Centroam\u00e9rica especializada en ofrecer soluciones para el comercio electr\u00f3nico. Convirti\u00e9ndolo en el lugar m\u00e1s seguro para realizar tus compras por internet. Somos una empresa internacional que opera en la regi\u00f3n como parte del Grupo Guticia con operaciones propias en Honduras, El Salvador, Guatemala, y USA. Somos un agente autorizado [&hellip;]<\/p>\n","protected":false},"author":2,"featured_media":0,"parent":0,"menu_order":0,"comment_status":"closed","ping_status":"closed","template":"","meta":{"_et_pb_use_builder":"on","_et_pb_old_content":"","_et_gb_content_width":"","om_disable_all_campaigns":false,"footnotes":""},"class_list":["post-30","page","type-page","status-publish","hentry"],"_links":{"self":[{"href":"https:\/\/gboxmall.com\/gt\/wp-json\/wp\/v2\/pages\/30","targetHints":{"allow":["GET"]}}],"collection":[{"href":"https:\/\/gboxmall.com\/gt\/wp-json\/wp\/v2\/pages"}],"about":[{"href":"https:\/\/gboxmall.com\/gt\/wp-json\/wp\/v2\/types\/page"}],"author":[{"embeddable":true,"href":"https:\/\/gboxmall.com\/gt\/wp-json\/wp\/v2\/users\/2"}],"replies":[{"embeddable":true,"href":"https:\/\/gboxmall.com\/gt\/wp-json\/wp\/v2\/comments?post=30"}],"version-history":[{"count":4,"href":"https:\/\/gboxmall.com\/gt\/wp-json\/wp\/v2\/pages\/30\/revisions"}],"predecessor-version":[{"id":133,"href":"https:\/\/gboxmall.com\/gt\/wp-json\/wp\/v2\/pages\/30\/revisions\/133"}],"wp:attachment":[{"href":"https:\/\/gboxmall.com\/gt\/wp-json\/wp\/v2\/media?parent=30"}],"curies":[{"name":"wp","href":"https:\/\/api.w.org\/{rel}","templated":true}]}}