{"id":7,"date":"2022-07-29T14:44:17","date_gmt":"2022-07-29T14:44:17","guid":{"rendered":"https:\/\/gboxmall.com\/gt\/?page_id=7"},"modified":"2022-07-29T21:46:03","modified_gmt":"2022-07-29T21:46:03","slug":"inicio","status":"publish","type":"page","link":"https:\/\/gboxmall.com\/gt\/","title":{"rendered":"Inicio"},"content":{"rendered":"<p>[et_pb_section fb_built=&#8221;1&#8243; fullwidth=&#8221;on&#8221; _builder_version=&#8221;4.17.6&#8243; _module_preset=&#8221;default&#8221; global_colors_info=&#8221;{}&#8221;][et_pb_fullwidth_slider _builder_version=&#8221;4.17.6&#8243; _module_preset=&#8221;default&#8221; auto=&#8221;on&#8221; global_colors_info=&#8221;{}&#8221;][et_pb_slide heading=&#8221;Crear casilleros&#8221; button_text=&#8221;Abrir Casilleros&#8221; button_link=&#8221;https:\/\/gboxmall.com\/gt\/abrir-casillero\/&#8221; use_bg_overlay=&#8221;on&#8221; _builder_version=&#8221;4.17.6&#8243; _module_preset=&#8221;default&#8221; header_level=&#8221;h1&#8243; header_font=&#8221;Montserrat|600|||||||&#8221; header_text_align=&#8221;center&#8221; header_font_size=&#8221;60px&#8221; body_font=&#8221;Montserrat|600|||||||&#8221; body_font_size=&#8221;18px&#8221; background_image=&#8221;https:\/\/gboxmall.com\/gt\/wp-content\/uploads\/sites\/4\/2022\/07\/pexels-pnw-production-9218657-scaled.jpg&#8221; background_enable_image=&#8221;on&#8221; custom_button=&#8221;on&#8221; button_text_size=&#8221;18px&#8221; button_border_radius=&#8221;25px&#8221; button_font=&#8221;Montserrat|700|||||||&#8221; button_use_icon=&#8221;on&#8221; hover_enabled=&#8221;0&#8243; header_text_shadow_style=&#8221;preset2&#8243; body_text_shadow_style=&#8221;preset2&#8243; button_text_shadow_style=&#8221;preset2&#8243; global_colors_info=&#8221;{}&#8221; sticky_transition=&#8221;on&#8221; sticky_enabled=&#8221;0&#8243;]<\/p>\n<p><span style=\"font-weight: 400;\">Crea tu casillero gratis, en nuestra direcci\u00f3n f\u00edsica de Miami FL.<\/span><\/p>\n<p>[\/et_pb_slide][et_pb_slide heading=&#8221;Compra con nuestra Tarjeta&#8221; button_text=&#8221;Abrir Casillero&#8221; button_link=&#8221;https:\/\/gboxmall.com\/gt\/abrir-casillero\/&#8221; use_bg_overlay=&#8221;on&#8221; _builder_version=&#8221;4.17.6&#8243; _module_preset=&#8221;default&#8221; header_level=&#8221;h1&#8243; header_font=&#8221;Montserrat|600|||||||&#8221; header_font_size=&#8221;60px&#8221; body_font=&#8221;Montserrat|600|||||||&#8221; body_font_size=&#8221;18px&#8221; background_image=&#8221;https:\/\/gboxmall.com\/gt\/wp-content\/uploads\/sites\/4\/2022\/07\/pexels-kindel-media-6995136-scaled.jpg&#8221; background_enable_image=&#8221;on&#8221; custom_button=&#8221;on&#8221; button_text_size=&#8221;18px&#8221; button_border_radius=&#8221;25px&#8221; button_font=&#8221;Montserrat|700|||||||&#8221; button_use_icon=&#8221;on&#8221; button_alignment=&#8221;center&#8221; header_text_shadow_style=&#8221;preset2&#8243; body_text_shadow_style=&#8221;preset2&#8243; button_text_shadow_style=&#8221;preset2&#8243; global_colors_info=&#8221;{}&#8221; sticky_transition=&#8221;on&#8221;]<\/p>\n<p><span style=\"font-weight: 400;\">Ofrecemos la opci\u00f3n de realizar tus compras con nuestra tarjeta de cr\u00e9dito, cobrando un 10% de comisi\u00f3n.<\/span><\/p>\n<p>[\/et_pb_slide][\/et_pb_fullwidth_slider][\/et_pb_section][et_pb_section fb_built=&#8221;1&#8243; _builder_version=&#8221;4.17.6&#8243; _module_preset=&#8221;default&#8221; global_colors_info=&#8221;{}&#8221;][et_pb_row _builder_version=&#8221;4.17.6&#8243; _module_preset=&#8221;default&#8221; global_colors_info=&#8221;{}&#8221;][et_pb_column type=&#8221;4_4&#8243; _builder_version=&#8221;4.17.6&#8243; _module_preset=&#8221;default&#8221; global_colors_info=&#8221;{}&#8221;][et_pb_text _builder_version=&#8221;4.17.6&#8243; _module_preset=&#8221;default&#8221; text_font=&#8221;Montserrat|700|||||||&#8221; text_font_size=&#8221;30px&#8221; text_orientation=&#8221;center&#8221; text_text_shadow_style=&#8221;preset2&#8243; global_colors_info=&#8221;{}&#8221;]<\/p>\n<p>Videos Informativos<\/p>\n<p>[\/et_pb_text][\/et_pb_column][\/et_pb_row][et_pb_row column_structure=&#8221;1_2,1_2&#8243; _builder_version=&#8221;4.17.6&#8243; _module_preset=&#8221;default&#8221; global_colors_info=&#8221;{}&#8221;][et_pb_column type=&#8221;1_2&#8243; _builder_version=&#8221;4.17.6&#8243; _module_preset=&#8221;default&#8221; global_colors_info=&#8221;{}&#8221;][et_pb_video src=&#8221;https:\/\/youtu.be\/XU2e9EseKFk&#8221; _builder_version=&#8221;4.17.6&#8243; _module_preset=&#8221;default&#8221; global_colors_info=&#8221;{}&#8221;][\/et_pb_video][\/et_pb_column][et_pb_column type=&#8221;1_2&#8243; _builder_version=&#8221;4.17.6&#8243; _module_preset=&#8221;default&#8221; global_colors_info=&#8221;{}&#8221;][et_pb_video src=&#8221;https:\/\/youtu.be\/eUW0jE1SmpY&#8221; _builder_version=&#8221;4.17.6&#8243; _module_preset=&#8221;default&#8221; global_colors_info=&#8221;{}&#8221;][\/et_pb_video][\/et_pb_column][\/et_pb_row][\/et_pb_section][et_pb_section fb_built=&#8221;1&#8243; _builder_version=&#8221;4.17.6&#8243; _module_preset=&#8221;default&#8221; global_colors_info=&#8221;{}&#8221;][et_pb_row column_structure=&#8221;1_2,1_2&#8243; _builder_version=&#8221;4.17.6&#8243; _module_preset=&#8221;default&#8221; global_colors_info=&#8221;{}&#8221;][et_pb_column type=&#8221;1_2&#8243; _builder_version=&#8221;4.17.6&#8243; _module_preset=&#8221;default&#8221; global_colors_info=&#8221;{}&#8221;][et_pb_blurb title=&#8221;Honduras&#8221; image=&#8221;https:\/\/gboxmall.com\/gt\/wp-content\/uploads\/sites\/4\/2022\/07\/Mesa-de-trabajo-4@300x-8.png&#8221; _builder_version=&#8221;4.17.6&#8243; _module_preset=&#8221;default&#8221; header_level=&#8221;h1&#8243; header_font=&#8221;Montserrat|600|||||||&#8221; header_font_size=&#8221;27px&#8221; text_orientation=&#8221;center&#8221; global_colors_info=&#8221;{}&#8221;][\/et_pb_blurb][\/et_pb_column][et_pb_column type=&#8221;1_2&#8243; _builder_version=&#8221;4.17.6&#8243; _module_preset=&#8221;default&#8221; global_colors_info=&#8221;{}&#8221;][et_pb_blurb title=&#8221;El Salvador&#8221; image=&#8221;https:\/\/gboxmall.com\/gt\/wp-content\/uploads\/sites\/4\/2022\/07\/Mesa-de-trabajo-4-copia@300x-8.png&#8221; _builder_version=&#8221;4.17.6&#8243; _module_preset=&#8221;default&#8221; header_level=&#8221;h1&#8243; header_font=&#8221;Montserrat|600|||||||&#8221; header_font_size=&#8221;27px&#8221; text_orientation=&#8221;center&#8221; global_colors_info=&#8221;{}&#8221;][\/et_pb_blurb][\/et_pb_column][\/et_pb_row][\/et_pb_section]<\/p>\n","protected":false},"excerpt":{"rendered":"<p>Crea tu casillero gratis, en nuestra direcci\u00f3n f\u00edsica de Miami FL.Ofrecemos la opci\u00f3n de realizar tus compras con nuestra tarjeta de cr\u00e9dito, cobrando un 10% de comisi\u00f3n.Videos Informativos<\/p>\n","protected":false},"author":2,"featured_media":0,"parent":0,"menu_order":0,"comment_status":"closed","ping_status":"closed","template":"","meta":{"_et_pb_use_builder":"on","_et_pb_old_content":"","_et_gb_content_width":"","om_disable_all_campaigns":false,"footnotes":""},"class_list":["post-7","page","type-page","status-publish","hentry"],"_links":{"self":[{"href":"https:\/\/gboxmall.com\/gt\/wp-json\/wp\/v2\/pages\/7","targetHints":{"allow":["GET"]}}],"collection":[{"href":"https:\/\/gboxmall.com\/gt\/wp-json\/wp\/v2\/pages"}],"about":[{"href":"https:\/\/gboxmall.com\/gt\/wp-json\/wp\/v2\/types\/page"}],"author":[{"embeddable":true,"href":"https:\/\/gboxmall.com\/gt\/wp-json\/wp\/v2\/users\/2"}],"replies":[{"embeddable":true,"href":"https:\/\/gboxmall.com\/gt\/wp-json\/wp\/v2\/comments?post=7"}],"version-history":[{"count":5,"href":"https:\/\/gboxmall.com\/gt\/wp-json\/wp\/v2\/pages\/7\/revisions"}],"predecessor-version":[{"id":109,"href":"https:\/\/gboxmall.com\/gt\/wp-json\/wp\/v2\/pages\/7\/revisions\/109"}],"wp:attachment":[{"href":"https:\/\/gboxmall.com\/gt\/wp-json\/wp\/v2\/media?parent=7"}],"curies":[{"name":"wp","href":"https:\/\/api.w.org\/{rel}","templated":true}]}}