{"id":27,"date":"2022-07-28T21:40:29","date_gmt":"2022-07-28T21:40:29","guid":{"rendered":"https:\/\/gboxmall.com\/sv\/?page_id=27"},"modified":"2022-07-28T22:04:11","modified_gmt":"2022-07-28T22:04:11","slug":"quienes-somos","status":"publish","type":"page","link":"https:\/\/gboxmall.com\/sv\/quienes-somos\/","title":{"rendered":"Qui\u00e9nes Somos"},"content":{"rendered":"<p>[et_pb_section fb_built=\u00bb1&#8243; fullwidth=\u00bbon\u00bb _builder_version=\u00bb4.17.6&#8243; _module_preset=\u00bbdefault\u00bb global_colors_info=\u00bb{}\u00bb][et_pb_fullwidth_header text_orientation=\u00bbcenter\u00bb header_fullscreen=\u00bbon\u00bb header_scroll_down=\u00bbon\u00bb _builder_version=\u00bb4.17.6&#8243; _module_preset=\u00bbdefault\u00bb background_image=\u00bbhttps:\/\/gboxmall.com\/sv\/wp-content\/uploads\/sites\/3\/2022\/07\/Mesa-de-trabajo-1@300x-8.png\u00bb global_colors_info=\u00bb{}\u00bb][\/et_pb_fullwidth_header][\/et_pb_section][et_pb_section fb_built=\u00bb1&#8243; _builder_version=\u00bb4.17.6&#8243; _module_preset=\u00bbdefault\u00bb global_colors_info=\u00bb{}\u00bb custom_padding=\u00bb||0px|||\u00bb][et_pb_row column_structure=\u00bb3_5,2_5&#8243; _builder_version=\u00bb4.17.6&#8243; _module_preset=\u00bbdefault\u00bb global_colors_info=\u00bb{}\u00bb][et_pb_column type=\u00bb3_5&#8243; _builder_version=\u00bb4.17.6&#8243; _module_preset=\u00bbdefault\u00bb global_colors_info=\u00bb{}\u00bb][et_pb_text _builder_version=\u00bb4.17.6&#8243; _module_preset=\u00bbdefault\u00bb text_font=\u00bbMontserrat|500|||||||\u00bb text_text_color=\u00bb#000000&#8243; custom_margin=\u00bb40px||||false|false\u00bb global_colors_info=\u00bb{}\u00bb]<\/p>\n<p>GBoxMall es la primera tienda de Centroam\u00e9rica especializada en ofrecer soluciones para el comercio electr\u00f3nico. Convirti\u00e9ndolo en el lugar m\u00e1s seguro para realizar tus compras por internet.<\/p>\n<p>Somos una empresa internacional que opera en la regi\u00f3n como parte del Grupo Guticia con operaciones propias en El Salvador, Honduras, Guatemala, y USA. Somos un agente autorizado para el traslado de carga y paqueter\u00eda utilizando la mejor log\u00edstica integrada para brindar un servicio personalizado<\/p>\n<p>[\/et_pb_text][\/et_pb_column][et_pb_column type=\u00bb2_5&#8243; _builder_version=\u00bb4.17.6&#8243; _module_preset=\u00bbdefault\u00bb global_colors_info=\u00bb{}\u00bb][et_pb_image src=\u00bbhttps:\/\/gboxmall.com\/sv\/wp-content\/uploads\/sites\/3\/2022\/07\/DSC_8905-copia.jpg\u00bb title_text=\u00bbDSC_8905 copia\u00bb _builder_version=\u00bb4.17.6&#8243; _module_preset=\u00bbdefault\u00bb hover_enabled=\u00bb0&#8243; border_width_all=\u00bb5px\u00bb border_style_all=\u00bbgroove\u00bb global_colors_info=\u00bb{}\u00bb box_shadow_style=\u00bbpreset2&#8243; sticky_enabled=\u00bb0&#8243;][\/et_pb_image][\/et_pb_column][\/et_pb_row][\/et_pb_section][et_pb_section fb_built=\u00bb1&#8243; theme_builder_area=\u00bbpost_content\u00bb _builder_version=\u00bb4.17.6&#8243; _module_preset=\u00bbdefault\u00bb background_color=\u00bb#ebfaff\u00bb hover_enabled=\u00bb0&#8243; sticky_enabled=\u00bb0&#8243; custom_padding=\u00bb||0px|||\u00bb][et_pb_row _builder_version=\u00bb4.17.6&#8243; _module_preset=\u00bbdefault\u00bb global_colors_info=\u00bb{}\u00bb theme_builder_area=\u00bbpost_content\u00bb][et_pb_column type=\u00bb4_4&#8243; _builder_version=\u00bb4.17.6&#8243; _module_preset=\u00bbdefault\u00bb global_colors_info=\u00bb{}\u00bb theme_builder_area=\u00bbpost_content\u00bb][et_pb_text _builder_version=\u00bb4.17.6&#8243; _module_preset=\u00bbdefault\u00bb text_font=\u00bbMontserrat|700|||||||\u00bb text_text_color=\u00bb#000000&#8243; text_font_size=\u00bb28px\u00bb global_colors_info=\u00bb{}\u00bb theme_builder_area=\u00bbpost_content\u00bb]<\/p>\n<p>Nuestros Servicios<\/p>\n<p>[\/et_pb_text][et_pb_text _builder_version=\u00bb4.17.6&#8243; _module_preset=\u00bbdefault\u00bb text_font=\u00bbMontserrat|600|||||||\u00bb text_text_color=\u00bb#000000&#8243; global_colors_info=\u00bb{}\u00bb theme_builder_area=\u00bbpost_content\u00bb]<\/p>\n<p>Utilizas nuestra direcci\u00f3n f\u00edsica en Miami, Fl para recibir tu paqueter\u00eda.\u00a0 Nosotros la preparamos y enviamos a la sucursal que escojas en El Salvador.<\/p>\n<p>[\/et_pb_text][\/et_pb_column][\/et_pb_row][\/et_pb_section][et_pb_section fb_built=\u00bb1&#8243; custom_padding_last_edited=\u00bbon|tablet\u00bb admin_label=\u00bbPlanning\u00bb _builder_version=\u00bb4.17.6&#8243; use_background_color_gradient=\u00bbon\u00bb background_color_gradient_direction=\u00bb90deg\u00bb background_color_gradient_stops=\u00bb#1e4278 0%|rgba(30,66,120,0.1) 100%\u00bb background_color_gradient_overlays_image=\u00bbon\u00bb background_color_gradient_start=\u00bb#1e4278&#8243; background_color_gradient_end=\u00bbrgba(30,66,120,0.1)\u00bb background_image=\u00bbhttps:\/\/gboxmall.com\/sv\/wp-content\/uploads\/sites\/3\/2022\/07\/funeral-home-image-34.jpg\u00bb max_width=\u00bb85%\u00bb max_width_tablet=\u00bb95%\u00bb max_width_phone=\u00bb\u00bb max_width_last_edited=\u00bbon|tablet\u00bb module_alignment=\u00bbright\u00bb custom_margin=\u00bb50px||||false|false\u00bb custom_padding=\u00bb||100px||false|false\u00bb custom_padding_tablet=\u00bb||40px||false\u00bb custom_padding_phone=\u00bb||||false\u00bb animation_style=\u00bbslide\u00bb animation_direction=\u00bbright\u00bb border_radii=\u00bb|20vw|||20vw\u00bb box_shadow_style=\u00bbpreset6&#8243; box_shadow_blur=\u00bb200px\u00bb box_shadow_color=\u00bbrgba(0,0,0,0.22)\u00bb collapsed=\u00bbon\u00bb global_colors_info=\u00bb{}\u00bb][et_pb_row _builder_version=\u00bb4.16&#8243; global_colors_info=\u00bb{}\u00bb][et_pb_column type=\u00bb4_4&#8243; _builder_version=\u00bb4.16&#8243; custom_padding=\u00bb|||\u00bb global_colors_info=\u00bb{}\u00bb custom_padding__hover=\u00bb|||\u00bb][et_pb_text _builder_version=\u00bb4.17.6&#8243; _module_preset=\u00bbdefault\u00bb text_font=\u00bbMontserrat|600|||||||\u00bb text_text_color=\u00bb#FFFFFF\u00bb text_font_size=\u00bb16px\u00bb header_text_align=\u00bbcenter\u00bb header_2_font=\u00bbMontserrat|700|||||||\u00bb header_2_text_color=\u00bb#FFFFFF\u00bb header_2_font_size=\u00bb35px\u00bb header_2_line_height=\u00bb1.4em\u00bb text_orientation=\u00bbcenter\u00bb max_width=\u00bb700px\u00bb module_alignment=\u00bbcenter\u00bb global_colors_info=\u00bb{}\u00bb]<\/p>\n<h2><strong><span style=\"font-family: Montserrat;\">Crear Casilleros<\/span><\/strong><\/h2>\n<p>Te ofrecemos crear tu casillero de forma gratuita, en nuestra direcci\u00f3n f\u00edsica de Miami FL.<\/p>\n<p>[\/et_pb_text][\/et_pb_column][\/et_pb_row][\/et_pb_section][et_pb_section fb_built=\u00bb1&#8243; custom_padding_last_edited=\u00bbon|tablet\u00bb admin_label=\u00bbPlanning\u00bb _builder_version=\u00bb4.17.6&#8243; use_background_color_gradient=\u00bbon\u00bb background_color_gradient_direction=\u00bb90deg\u00bb background_color_gradient_stops=\u00bb#1e4278 0%|rgba(30,66,120,0.1) 100%\u00bb background_color_gradient_overlays_image=\u00bbon\u00bb background_color_gradient_start=\u00bb#1e4278&#8243; background_color_gradient_end=\u00bbrgba(30,66,120,0.1)\u00bb background_image=\u00bbhttps:\/\/gboxmall.com\/sv\/wp-content\/uploads\/sites\/3\/2022\/07\/funeral-home-image-34.jpg\u00bb max_width=\u00bb85%\u00bb max_width_tablet=\u00bb95%\u00bb max_width_phone=\u00bb\u00bb max_width_last_edited=\u00bbon|tablet\u00bb module_alignment=\u00bbleft\u00bb custom_margin=\u00bb50px||||false|false\u00bb custom_padding=\u00bb||100px||false|false\u00bb custom_padding_tablet=\u00bb||40px||false\u00bb custom_padding_phone=\u00bb||||false\u00bb animation_style=\u00bbslide\u00bb animation_direction=\u00bbleft\u00bb border_radii=\u00bboff||19vw|19vw|\u00bb box_shadow_style=\u00bbpreset6&#8243; box_shadow_blur=\u00bb200px\u00bb box_shadow_color=\u00bbrgba(0,0,0,0.22)\u00bb collapsed=\u00bbon\u00bb global_colors_info=\u00bb{}\u00bb][et_pb_row _builder_version=\u00bb4.16&#8243; global_colors_info=\u00bb{}\u00bb][et_pb_column type=\u00bb4_4&#8243; _builder_version=\u00bb4.16&#8243; custom_padding=\u00bb|||\u00bb global_colors_info=\u00bb{}\u00bb custom_padding__hover=\u00bb|||\u00bb][et_pb_text _builder_version=\u00bb4.17.6&#8243; _module_preset=\u00bbdefault\u00bb text_font=\u00bbMontserrat|600|||||||\u00bb text_text_color=\u00bb#FFFFFF\u00bb text_font_size=\u00bb16px\u00bb header_text_align=\u00bbcenter\u00bb header_2_font=\u00bbMontserrat|700|||||||\u00bb header_2_text_color=\u00bb#FFFFFF\u00bb header_2_font_size=\u00bb35px\u00bb header_2_line_height=\u00bb1.4em\u00bb text_orientation=\u00bbcenter\u00bb max_width=\u00bb700px\u00bb module_alignment=\u00bbcenter\u00bb global_colors_info=\u00bb{}\u00bb]<\/p>\n<h2><span style=\"font-family: Montserrat;\"><strong>Compra Con Nuestra Tarjeta<\/strong><\/span><\/h2>\n<p>Ofrecemos la opci\u00f3n de realizar tus compras con nuestra tarjeta de cr\u00e9dito, cobrando un 10% por el uso de la tarjeta.<\/p>\n<p>[\/et_pb_text][\/et_pb_column][\/et_pb_row][\/et_pb_section][et_pb_section fb_built=\u00bb1&#8243; custom_padding_last_edited=\u00bbon|tablet\u00bb admin_label=\u00bbPlanning\u00bb _builder_version=\u00bb4.17.6&#8243; use_background_color_gradient=\u00bbon\u00bb background_color_gradient_direction=\u00bb90deg\u00bb background_color_gradient_stops=\u00bb#1e4278 0%|rgba(30,66,120,0.1) 100%\u00bb background_color_gradient_overlays_image=\u00bbon\u00bb background_color_gradient_start=\u00bb#1e4278&#8243; background_color_gradient_end=\u00bbrgba(30,66,120,0.1)\u00bb background_image=\u00bbhttps:\/\/gboxmall.com\/sv\/wp-content\/uploads\/sites\/3\/2022\/07\/funeral-home-image-34.jpg\u00bb max_width=\u00bb85%\u00bb max_width_tablet=\u00bb95%\u00bb max_width_phone=\u00bb\u00bb max_width_last_edited=\u00bbon|tablet\u00bb module_alignment=\u00bbright\u00bb custom_margin=\u00bb50px||||false|false\u00bb custom_padding=\u00bb||100px||false|false\u00bb custom_padding_tablet=\u00bb||40px||false\u00bb custom_padding_phone=\u00bb||||false\u00bb animation_style=\u00bbslide\u00bb animation_direction=\u00bbright\u00bb border_radii=\u00bb|20vw|||20vw\u00bb box_shadow_style=\u00bbpreset6&#8243; box_shadow_blur=\u00bb200px\u00bb box_shadow_color=\u00bbrgba(0,0,0,0.22)\u00bb collapsed=\u00bbon\u00bb global_colors_info=\u00bb{}\u00bb][et_pb_row _builder_version=\u00bb4.16&#8243; global_colors_info=\u00bb{}\u00bb][et_pb_column type=\u00bb4_4&#8243; _builder_version=\u00bb4.16&#8243; custom_padding=\u00bb|||\u00bb global_colors_info=\u00bb{}\u00bb custom_padding__hover=\u00bb|||\u00bb][et_pb_text _builder_version=\u00bb4.17.6&#8243; _module_preset=\u00bbdefault\u00bb text_font=\u00bbMontserrat|600|||||||\u00bb text_text_color=\u00bb#FFFFFF\u00bb text_font_size=\u00bb16px\u00bb header_text_align=\u00bbcenter\u00bb header_2_font=\u00bbMontserrat|700|||||||\u00bb header_2_text_color=\u00bb#FFFFFF\u00bb header_2_font_size=\u00bb35px\u00bb header_2_line_height=\u00bb1.4em\u00bb text_orientation=\u00bbcenter\u00bb max_width=\u00bb700px\u00bb module_alignment=\u00bbcenter\u00bb global_colors_info=\u00bb{}\u00bb]<\/p>\n<h2><strong><span style=\"font-family: Montserrat;\">Te Brindamos Asesor\u00eda<\/span><\/strong><\/h2>\n<p>Te recomendamos las p\u00e1ginas m\u00e1s confiables donde puedes realizar tus compras, que transportista utilizar para tus env\u00edos en USA, ofertas en p\u00e1ginas importantes, etc..<\/p>\n<p>[\/et_pb_text][\/et_pb_column][\/et_pb_row][\/et_pb_section][et_pb_section fb_built=\u00bb1&#8243; custom_padding_last_edited=\u00bbon|tablet\u00bb admin_label=\u00bbPlanning\u00bb _builder_version=\u00bb4.17.6&#8243; use_background_color_gradient=\u00bbon\u00bb background_color_gradient_direction=\u00bb90deg\u00bb background_color_gradient_stops=\u00bb#1e4278 0%|rgba(30,66,120,0.1) 100%\u00bb background_color_gradient_overlays_image=\u00bbon\u00bb background_color_gradient_start=\u00bb#1e4278&#8243; background_color_gradient_end=\u00bbrgba(30,66,120,0.1)\u00bb background_image=\u00bbhttps:\/\/gboxmall.com\/sv\/wp-content\/uploads\/sites\/3\/2022\/07\/funeral-home-image-34.jpg\u00bb max_width=\u00bb85%\u00bb max_width_tablet=\u00bb95%\u00bb max_width_phone=\u00bb\u00bb max_width_last_edited=\u00bbon|tablet\u00bb module_alignment=\u00bbleft\u00bb custom_margin=\u00bb50px||50px||false|false\u00bb custom_padding=\u00bb||100px||false|false\u00bb custom_padding_tablet=\u00bb||40px||false\u00bb custom_padding_phone=\u00bb||||false\u00bb animation_style=\u00bbzoom\u00bb animation_direction=\u00bbright\u00bb animation_intensity_zoom=\u00bb2%\u00bb border_radii=\u00bboff||19vw|19vw|\u00bb box_shadow_style=\u00bbpreset6&#8243; box_shadow_blur=\u00bb200px\u00bb box_shadow_color=\u00bbrgba(0,0,0,0.22)\u00bb collapsed=\u00bbon\u00bb global_colors_info=\u00bb{}\u00bb][et_pb_row _builder_version=\u00bb4.16&#8243; global_colors_info=\u00bb{}\u00bb][et_pb_column type=\u00bb4_4&#8243; _builder_version=\u00bb4.16&#8243; custom_padding=\u00bb|||\u00bb global_colors_info=\u00bb{}\u00bb custom_padding__hover=\u00bb|||\u00bb][et_pb_text _builder_version=\u00bb4.17.6&#8243; _module_preset=\u00bbdefault\u00bb text_font=\u00bbMontserrat|600|||||||\u00bb text_text_color=\u00bb#FFFFFF\u00bb text_font_size=\u00bb16px\u00bb header_text_align=\u00bbcenter\u00bb header_2_font=\u00bbMontserrat|700|||||||\u00bb header_2_text_color=\u00bb#FFFFFF\u00bb header_2_font_size=\u00bb35px\u00bb header_2_line_height=\u00bb1.4em\u00bb text_orientation=\u00bbcenter\u00bb max_width=\u00bb700px\u00bb module_alignment=\u00bbcenter\u00bb global_colors_info=\u00bb{}\u00bb]<\/p>\n<h2><span style=\"font-family: Montserrat;\"><strong>Servicio a Domicilio<\/strong><\/span><\/h2>\n<p>Enviamos tus paquetes hasta la puerta de tu casa.<\/p>\n<p>[\/et_pb_text][\/et_pb_column][\/et_pb_row][\/et_pb_section]<\/p>\n","protected":false},"excerpt":{"rendered":"<p>GBoxMall es la primera tienda de Centroam\u00e9rica especializada en ofrecer soluciones para el comercio electr\u00f3nico. Convirti\u00e9ndolo en el lugar m\u00e1s seguro para realizar tus compras por internet. Somos una empresa internacional que opera en la regi\u00f3n como parte del Grupo Guticia con operaciones propias en El Salvador, Honduras, Guatemala, y USA. Somos un agente autorizado [&hellip;]<\/p>\n","protected":false},"author":2,"featured_media":0,"parent":0,"menu_order":0,"comment_status":"closed","ping_status":"closed","template":"","meta":{"_et_pb_use_builder":"on","_et_pb_old_content":"","_et_gb_content_width":"","om_disable_all_campaigns":false,"footnotes":""},"class_list":["post-27","page","type-page","status-publish","hentry"],"_links":{"self":[{"href":"https:\/\/gboxmall.com\/sv\/wp-json\/wp\/v2\/pages\/27","targetHints":{"allow":["GET"]}}],"collection":[{"href":"https:\/\/gboxmall.com\/sv\/wp-json\/wp\/v2\/pages"}],"about":[{"href":"https:\/\/gboxmall.com\/sv\/wp-json\/wp\/v2\/types\/page"}],"author":[{"embeddable":true,"href":"https:\/\/gboxmall.com\/sv\/wp-json\/wp\/v2\/users\/2"}],"replies":[{"embeddable":true,"href":"https:\/\/gboxmall.com\/sv\/wp-json\/wp\/v2\/comments?post=27"}],"version-history":[{"count":5,"href":"https:\/\/gboxmall.com\/sv\/wp-json\/wp\/v2\/pages\/27\/revisions"}],"predecessor-version":[{"id":64,"href":"https:\/\/gboxmall.com\/sv\/wp-json\/wp\/v2\/pages\/27\/revisions\/64"}],"wp:attachment":[{"href":"https:\/\/gboxmall.com\/sv\/wp-json\/wp\/v2\/media?parent=27"}],"curies":[{"name":"wp","href":"https:\/\/api.w.org\/{rel}","templated":true}]}}